{"id":875,"date":"2023-01-23T10:35:16","date_gmt":"2023-01-23T09:35:16","guid":{"rendered":"https:\/\/enercraftsa.com\/about-us\/"},"modified":"2023-09-12T09:34:50","modified_gmt":"2023-09-12T07:34:50","slug":"sobre-nosotros","status":"publish","type":"page","link":"https:\/\/enercraftsa.com\/es\/sobre-nosotros\/","title":{"rendered":"Sobre nosotros"},"content":{"rendered":"<p>[vc_row foundry_background_style=\u00bbbg-dark\u00bb foundry_padding=\u00bbpb0&#8243;][vc_column width=\u00bb5\/6&#8243; offset=\u00bbvc_col-lg-offset-1 vc_col-md-offset-1&#8243;][vc_column_text]<\/p>\n<h1 style=\"text-align: center;\">Nos encanta la innovaci\u00f3n<\/h1>\n<p>[\/vc_column_text][vc_column_text]<\/p>\n<h3 style=\"text-align: center;\">ENERCRAFT naci\u00f3 como empresa en 2016, con el fuerte compromiso de establecer nuevos est\u00e1ndares industriales de calidad en el desarrollo y fabricaci\u00f3n de bater\u00edas innovadoras y equipos de energ\u00eda port\u00e1tiles.<\/h3>\n<h3 style=\"text-align: center;\">Ahora estamos aprovechando nuestra amplia experiencia en aviaci\u00f3n para adaptar nuestra tecnolog\u00eda para ofrecer nuestras soluciones disruptivas a otros sectores industriales.<\/h3>\n<p>[\/vc_column_text][\/vc_column][\/vc_row][vc_row foundry_background_style=\u00bbbg-dark\u00bb foundry_parallax=\u00bbnot-parallax\u00bb css=\u00bb.vc_custom_1685516524033{background-image: url(https:\/\/enercraftsa.com\/wp-content\/uploads\/2023\/05\/enercraft-fondo-04.jpg?id=410) !important;background-position: center !important;background-repeat: no-repeat !important;background-size: contain !important;}\u00bb][vc_column][vc_row_inner equal_height=\u00bbyes\u00bb content_placement=\u00bbtop\u00bb][vc_column_inner el_class=\u00bben-box\u00bb width=\u00bb1\/2&#8243;][vc_single_image image=\u00bb85&#8243; img_size=\u00bbfull\u00bb el_class=\u00bben-icon-gif\u00bb][vc_column_text]<\/p>\n<h3>Misi\u00f3n<\/h3>\n<p>Despu\u00e9s de a\u00f1os de investigaci\u00f3n y desarrollo tecnol\u00f3gico en los campos de electrificaci\u00f3n y almacenamiento de energ\u00eda limpia, ENERCRAFT trae a la industria las soluciones m\u00e1s innovadoras y diversos equipos duraderos y de alta calidad, para ayudarlo en sus operaciones diarias. Destacamos por nuestra pasi\u00f3n por la ingenier\u00eda de precisi\u00f3n y por nuestro cuidado al detalle, y estamos al servicio de la industria en su conjunto, diversificando nuestras acciones para conquistar diferentes sectores objetivo.[\/vc_column_text][\/vc_column_inner][vc_column_inner el_class=\u00bben-box\u00bb width=\u00bb1\/2&#8243;][vc_single_image image=\u00bb86&#8243; img_size=\u00bbfull\u00bb el_class=\u00bben-icon-gif\u00bb][vc_column_text]<\/p>\n<h3>Visi\u00f3n<\/h3>\n<p>Trabajamos duro para contribuir a un cambio de paradigma en la industria, donde fabricantes y clientes se alineen en defensa de la protecci\u00f3n del planeta, apostando en primer lugar, por tecnolog\u00edas energ\u00e9ticas limpias y m\u00e1s sostenibles, y en segundo lugar, apostando por la inversi\u00f3n en productos de alta calidad, desarrollados y fabricado con una conciencia basada en la m\u00ednima explotaci\u00f3n de los recursos y la durabilidad de cada componente individual, para un resultado optimizado que nos beneficiar\u00e1 a todos.[\/vc_column_text][\/vc_column_inner][\/vc_row_inner][vc_empty_space height=\u00bb100px\u00bb][\/vc_column][vc_column width=\u00bb5\/12&#8243;][vc_column_text]<\/p>\n<h3 style=\"text-align: left;\">Somo expertos en&#8230;<\/h3>\n<p>Aprovechamos nuestra experiencia previa en aviaci\u00f3n y la tecnolog\u00eda que ya hemos desarrollado para aviones y helic\u00f3pteros para vender nuestras soluciones tambi\u00e9n a otros sectores industriales.<\/p>\n<p>Todos los productos ENERCRAFT se ensamblan en Europa (Galicia, Espa\u00f1a), donde recientemente se ha establecido una nueva L\u00ednea de Producci\u00f3n en Serie.[\/vc_column_text][\/vc_column][vc_column width=\u00bb1\/2&#8243; offset=\u00bbvc_col-lg-offset-1 vc_col-md-offset-1&#8243;][vc_basic_grid post_type=\u00bbportfolio\u00bb max_items=\u00bb10&#8243; order=\u00bbASC\u00bb item=\u00bb161&#8243; grid_id=\u00bbvc_gid:1694081552581-d77ffd68-297d-2&#8243; el_class=\u00bben-categories-box\u00bb taxonomies=\u00bb4&#8243;][\/vc_column][\/vc_row][vc_row foundry_background_style=\u00bbbg-dark\u00bb foundry_padding=\u00bbpt0&#8243;][vc_column][vc_row_inner][vc_column_inner width=\u00bb5\/12&#8243;][vc_column_text]<\/p>\n<h2 style=\"text-align: left;\"><strong>International<\/strong><\/h2>\n<h3 style=\"text-align: left;\">De Galicia &#8211; Espa\u00f1a para el mundo entero<\/h3>\n<p>Las cosas buenas hay que compartirlas y as\u00ed comenz\u00f3 nuestro viaje internacional. ENERCRAFT, siempre fiel a sus ra\u00edces, y con la innovaci\u00f3n y la sostenibilidad como principales gu\u00edas, ya est\u00e1 presente en m\u00e1s de 15 pa\u00edses de todo el mundo.<\/p>\n<h4>\u00a1Gracias a todos nuestros clientes internacionales por seguir confiando en nosotros!<\/h4>\n<p>[\/vc_column_text][\/vc_column_inner][vc_column_inner width=\u00bb1\/2&#8243; offset=\u00bbvc_col-lg-offset-1 vc_col-md-offset-1&#8243;][vc_single_image image=\u00bb168&#8243; img_size=\u00bbfull\u00bb alignment=\u00bbcenter\u00bb][\/vc_column_inner][\/vc_row_inner][\/vc_column][\/vc_row]<\/p>\n","protected":false},"excerpt":{"rendered":"<p>[vc_row foundry_background_style=\u00bbbg-dark\u00bb foundry_padding=\u00bbpb0&#8243;][vc_column width=\u00bb5\/6&#8243; offset=\u00bbvc_col-lg-offset-1 vc_col-md-offset-1&#8243;][vc_column_text] Nos encanta la innovaci\u00f3n [\/vc_column_text][vc_column_text] ENERCRAFT naci\u00f3 como empresa en 2016, con el fuerte compromiso&#8230;<\/p>\n","protected":false},"author":1,"featured_media":0,"parent":0,"menu_order":0,"comment_status":"closed","ping_status":"closed","template":"","meta":{"footnotes":""},"class_list":["post-875","page","type-page","status-publish","hentry"],"yoast_head":"<!-- This site is optimized with the Yoast SEO plugin v27.0 - https:\/\/yoast.com\/product\/yoast-seo-wordpress\/ -->\n<title>Sobre nosotros | Enercraft<\/title>\n<meta name=\"description\" content=\"ENERCRAFT marca la pauta en la creaci\u00f3n y producci\u00f3n de bater\u00edas y equipos el\u00e9ctricos port\u00e1tiles de la m\u00e1s alta calidad.\" \/>\n<meta name=\"robots\" content=\"index, follow, max-snippet:-1, max-image-preview:large, max-video-preview:-1\" \/>\n<link rel=\"canonical\" href=\"https:\/\/enercraftsa.com\/es\/sobre-nosotros\/\" \/>\n<meta property=\"og:locale\" content=\"es_ES\" \/>\n<meta property=\"og:type\" content=\"article\" \/>\n<meta property=\"og:title\" content=\"Enercraft\" \/>\n<meta property=\"og:description\" content=\"ENERCRAFT marca la pauta en la creaci\u00f3n y producci\u00f3n de bater\u00edas y equipos el\u00e9ctricos port\u00e1tiles de la m\u00e1s alta calidad.\" \/>\n<meta property=\"og:url\" content=\"https:\/\/enercraftsa.com\/es\/sobre-nosotros\/\" \/>\n<meta property=\"og:site_name\" content=\"Enercraft\" \/>\n<meta property=\"article:modified_time\" content=\"2023-09-12T07:34:50+00:00\" \/>\n<meta property=\"og:image\" content=\"https:\/\/enercraftsa.com\/wp-content\/uploads\/2023\/05\/enercraft-fondo-01.jpg\" \/>\n\t<meta property=\"og:image:width\" content=\"1366\" \/>\n\t<meta property=\"og:image:height\" content=\"768\" \/>\n\t<meta property=\"og:image:type\" content=\"image\/jpeg\" \/>\n<meta name=\"twitter:card\" content=\"summary_large_image\" \/>\n<meta name=\"twitter:title\" content=\"Enercraft\" \/>\n<meta name=\"twitter:description\" content=\"ENERCRAFT marca la pauta en la creaci\u00f3n y producci\u00f3n de bater\u00edas y equipos el\u00e9ctricos port\u00e1tiles de la m\u00e1s alta calidad.\" \/>\n<meta name=\"twitter:image\" content=\"https:\/\/enercraftsa.com\/wp-content\/uploads\/2023\/05\/enercraft-fondo-01.jpg\" \/>\n<meta name=\"twitter:label1\" content=\"Tiempo de lectura\" \/>\n\t<meta name=\"twitter:data1\" content=\"2 minutos\" \/>\n<script type=\"application\/ld+json\" class=\"yoast-schema-graph\">{\"@context\":\"https:\/\/schema.org\",\"@graph\":[{\"@type\":\"WebPage\",\"@id\":\"https:\/\/enercraftsa.com\/es\/sobre-nosotros\/\",\"url\":\"https:\/\/enercraftsa.com\/es\/sobre-nosotros\/\",\"name\":\"Sobre nosotros | Enercraft\",\"isPartOf\":{\"@id\":\"https:\/\/enercraftsa.com\/es\/#website\"},\"datePublished\":\"2023-01-23T09:35:16+00:00\",\"dateModified\":\"2023-09-12T07:34:50+00:00\",\"description\":\"ENERCRAFT marca la pauta en la creaci\u00f3n y producci\u00f3n de bater\u00edas y equipos el\u00e9ctricos port\u00e1tiles de la m\u00e1s alta calidad.\",\"breadcrumb\":{\"@id\":\"https:\/\/enercraftsa.com\/es\/sobre-nosotros\/#breadcrumb\"},\"inLanguage\":\"es\",\"potentialAction\":[{\"@type\":\"ReadAction\",\"target\":[\"https:\/\/enercraftsa.com\/es\/sobre-nosotros\/\"]}]},{\"@type\":\"BreadcrumbList\",\"@id\":\"https:\/\/enercraftsa.com\/es\/sobre-nosotros\/#breadcrumb\",\"itemListElement\":[{\"@type\":\"ListItem\",\"position\":1,\"name\":\"Home\",\"item\":\"https:\/\/enercraftsa.com\/es\/\"},{\"@type\":\"ListItem\",\"position\":2,\"name\":\"Sobre nosotros\"}]},{\"@type\":\"WebSite\",\"@id\":\"https:\/\/enercraftsa.com\/es\/#website\",\"url\":\"https:\/\/enercraftsa.com\/es\/\",\"name\":\"Enercraft\",\"description\":\"We are changing the market\",\"publisher\":{\"@id\":\"https:\/\/enercraftsa.com\/es\/#organization\"},\"potentialAction\":[{\"@type\":\"SearchAction\",\"target\":{\"@type\":\"EntryPoint\",\"urlTemplate\":\"https:\/\/enercraftsa.com\/es\/?s={search_term_string}\"},\"query-input\":{\"@type\":\"PropertyValueSpecification\",\"valueRequired\":true,\"valueName\":\"search_term_string\"}}],\"inLanguage\":\"es\"},{\"@type\":\"Organization\",\"@id\":\"https:\/\/enercraftsa.com\/es\/#organization\",\"name\":\"Enercraft\",\"url\":\"https:\/\/enercraftsa.com\/es\/\",\"logo\":{\"@type\":\"ImageObject\",\"inLanguage\":\"es\",\"@id\":\"https:\/\/enercraftsa.com\/es\/#\/schema\/logo\/image\/\",\"url\":\"https:\/\/enercraftsa.com\/wp-content\/uploads\/2023\/01\/Enercraft-pos.png\",\"contentUrl\":\"https:\/\/enercraftsa.com\/wp-content\/uploads\/2023\/01\/Enercraft-pos.png\",\"width\":2295,\"height\":1024,\"caption\":\"Enercraft\"},\"image\":{\"@id\":\"https:\/\/enercraftsa.com\/es\/#\/schema\/logo\/image\/\"},\"sameAs\":[\"https:\/\/www.linkedin.com\/company\/enercraft-innovative-electrification-technology\/\",\"https:\/\/www.youtube.com\/@enercraftcontacto6886\"]}]}<\/script>\n<!-- \/ Yoast SEO plugin. -->","yoast_head_json":{"title":"Sobre nosotros | Enercraft","description":"ENERCRAFT marca la pauta en la creaci\u00f3n y producci\u00f3n de bater\u00edas y equipos el\u00e9ctricos port\u00e1tiles de la m\u00e1s alta calidad.","robots":{"index":"index","follow":"follow","max-snippet":"max-snippet:-1","max-image-preview":"max-image-preview:large","max-video-preview":"max-video-preview:-1"},"canonical":"https:\/\/enercraftsa.com\/es\/sobre-nosotros\/","og_locale":"es_ES","og_type":"article","og_title":"Enercraft","og_description":"ENERCRAFT marca la pauta en la creaci\u00f3n y producci\u00f3n de bater\u00edas y equipos el\u00e9ctricos port\u00e1tiles de la m\u00e1s alta calidad.","og_url":"https:\/\/enercraftsa.com\/es\/sobre-nosotros\/","og_site_name":"Enercraft","article_modified_time":"2023-09-12T07:34:50+00:00","og_image":[{"width":1366,"height":768,"url":"https:\/\/enercraftsa.com\/wp-content\/uploads\/2023\/05\/enercraft-fondo-01.jpg","type":"image\/jpeg"}],"twitter_card":"summary_large_image","twitter_title":"Enercraft","twitter_description":"ENERCRAFT marca la pauta en la creaci\u00f3n y producci\u00f3n de bater\u00edas y equipos el\u00e9ctricos port\u00e1tiles de la m\u00e1s alta calidad.","twitter_image":"https:\/\/enercraftsa.com\/wp-content\/uploads\/2023\/05\/enercraft-fondo-01.jpg","twitter_misc":{"Tiempo de lectura":"2 minutos"},"schema":{"@context":"https:\/\/schema.org","@graph":[{"@type":"WebPage","@id":"https:\/\/enercraftsa.com\/es\/sobre-nosotros\/","url":"https:\/\/enercraftsa.com\/es\/sobre-nosotros\/","name":"Sobre nosotros | Enercraft","isPartOf":{"@id":"https:\/\/enercraftsa.com\/es\/#website"},"datePublished":"2023-01-23T09:35:16+00:00","dateModified":"2023-09-12T07:34:50+00:00","description":"ENERCRAFT marca la pauta en la creaci\u00f3n y producci\u00f3n de bater\u00edas y equipos el\u00e9ctricos port\u00e1tiles de la m\u00e1s alta calidad.","breadcrumb":{"@id":"https:\/\/enercraftsa.com\/es\/sobre-nosotros\/#breadcrumb"},"inLanguage":"es","potentialAction":[{"@type":"ReadAction","target":["https:\/\/enercraftsa.com\/es\/sobre-nosotros\/"]}]},{"@type":"BreadcrumbList","@id":"https:\/\/enercraftsa.com\/es\/sobre-nosotros\/#breadcrumb","itemListElement":[{"@type":"ListItem","position":1,"name":"Home","item":"https:\/\/enercraftsa.com\/es\/"},{"@type":"ListItem","position":2,"name":"Sobre nosotros"}]},{"@type":"WebSite","@id":"https:\/\/enercraftsa.com\/es\/#website","url":"https:\/\/enercraftsa.com\/es\/","name":"Enercraft","description":"We are changing the market","publisher":{"@id":"https:\/\/enercraftsa.com\/es\/#organization"},"potentialAction":[{"@type":"SearchAction","target":{"@type":"EntryPoint","urlTemplate":"https:\/\/enercraftsa.com\/es\/?s={search_term_string}"},"query-input":{"@type":"PropertyValueSpecification","valueRequired":true,"valueName":"search_term_string"}}],"inLanguage":"es"},{"@type":"Organization","@id":"https:\/\/enercraftsa.com\/es\/#organization","name":"Enercraft","url":"https:\/\/enercraftsa.com\/es\/","logo":{"@type":"ImageObject","inLanguage":"es","@id":"https:\/\/enercraftsa.com\/es\/#\/schema\/logo\/image\/","url":"https:\/\/enercraftsa.com\/wp-content\/uploads\/2023\/01\/Enercraft-pos.png","contentUrl":"https:\/\/enercraftsa.com\/wp-content\/uploads\/2023\/01\/Enercraft-pos.png","width":2295,"height":1024,"caption":"Enercraft"},"image":{"@id":"https:\/\/enercraftsa.com\/es\/#\/schema\/logo\/image\/"},"sameAs":["https:\/\/www.linkedin.com\/company\/enercraft-innovative-electrification-technology\/","https:\/\/www.youtube.com\/@enercraftcontacto6886"]}]}},"_hostinger_reach_plugin_has_subscription_block":false,"_hostinger_reach_plugin_is_elementor":false,"_links":{"self":[{"href":"https:\/\/enercraftsa.com\/es\/wp-json\/wp\/v2\/pages\/875","targetHints":{"allow":["GET"]}}],"collection":[{"href":"https:\/\/enercraftsa.com\/es\/wp-json\/wp\/v2\/pages"}],"about":[{"href":"https:\/\/enercraftsa.com\/es\/wp-json\/wp\/v2\/types\/page"}],"author":[{"embeddable":true,"href":"https:\/\/enercraftsa.com\/es\/wp-json\/wp\/v2\/users\/1"}],"replies":[{"embeddable":true,"href":"https:\/\/enercraftsa.com\/es\/wp-json\/wp\/v2\/comments?post=875"}],"version-history":[{"count":3,"href":"https:\/\/enercraftsa.com\/es\/wp-json\/wp\/v2\/pages\/875\/revisions"}],"predecessor-version":[{"id":949,"href":"https:\/\/enercraftsa.com\/es\/wp-json\/wp\/v2\/pages\/875\/revisions\/949"}],"wp:attachment":[{"href":"https:\/\/enercraftsa.com\/es\/wp-json\/wp\/v2\/media?parent=875"}],"curies":[{"name":"wp","href":"https:\/\/api.w.org\/{rel}","templated":true}]}}