{"id":882,"date":"2023-01-30T09:11:02","date_gmt":"2023-01-30T08:11:02","guid":{"rendered":"https:\/\/enercraftsa.com\/contact\/"},"modified":"2024-06-02T11:40:17","modified_gmt":"2024-06-02T09:40:17","slug":"contacto","status":"publish","type":"page","link":"https:\/\/enercraftsa.com\/es\/contacto\/","title":{"rendered":"Contacto"},"content":{"rendered":"<p>[vc_row foundry_background_style=\u00bbbg-dark\u00bb foundry_parallax=\u00bbnot-parallax\u00bb css=\u00bb.vc_custom_1679061430586{background-image: url(https:\/\/enercraftsa.com\/wp-content\/uploads\/2023\/02\/Contact-bg-scaled.jpg?id=119) !important;background-position: 0 0 !important;background-repeat: no-repeat !important;}\u00bb][vc_column][vc_column_text]<\/p>\n<h1 style=\"text-align: center;\">\u00a1Hablemos!<\/h1>\n<p>[\/vc_column_text][vc_column_text]<\/p>\n<h3 style=\"text-align: center;\">Rellena el formulario de contacto para cualquier consulta, gracias<\/h3>\n<p>[\/vc_column_text][\/vc_column][vc_column width=\u00bb1\/2&#8243; el_class=\u00bbcontact-info\u00bb][vc_column_text]<\/p>\n<h3>ENERCRAFT TECNOLOG\u00cdA INNOVADORA DE ELECTRIFICACI\u00d3N, S.L.<\/h3>\n<p>SEDE: Cambados, Pontevedra &#8211; Galicia, Espa\u00f1a<br \/>\nLABORATORIO DE I+D Y L\u00cdNEA DE MONTAJE FINAL: Viveiro de Empresas de Barro, 36692 Barro, Pontevedra. Galicia, Espa\u00f1a[\/vc_column_text][vc_column_text]<a class=\"btn-2\" href=\"https:\/\/www.google.com\/maps\/place\/ENERCRAFT\/@42.5143292,-8.6795358,17z\/data=!4m6!3m5!1s0xd2f6d13b3922373:0xf8d01c1f2a875da5!8m2!3d42.5143292!4d-8.6769555!16s%2Fg%2F11k4l7gttk?entry=tts&amp;shorturl=1\" target=\"_blank\" rel=\"noopener\">\u00a1VEN Y VIS\u00cdTANOS!<\/a>[\/vc_column_text][vc_empty_space][\/vc_column][vc_column width=\u00bb1\/2&#8243; el_class=\u00bbform-contacto\u00bb]\n<div class=\"wpcf7 no-js\" id=\"wpcf7-f950-o1\" lang=\"en-US\" dir=\"ltr\" data-wpcf7-id=\"950\">\n<div class=\"screen-reader-response\"><p role=\"status\" aria-live=\"polite\" aria-atomic=\"true\"><\/p> <ul><\/ul><\/div>\n<form action=\"\/es\/wp-json\/wp\/v2\/pages\/882#wpcf7-f950-o1\" method=\"post\" class=\"wpcf7-form init\" aria-label=\"Contact form\" novalidate=\"novalidate\" data-status=\"init\">\n<fieldset class=\"hidden-fields-container\"><input type=\"hidden\" name=\"_wpcf7\" value=\"950\" \/><input type=\"hidden\" name=\"_wpcf7_version\" value=\"6.1.5\" \/><input type=\"hidden\" name=\"_wpcf7_locale\" value=\"en_US\" \/><input type=\"hidden\" name=\"_wpcf7_unit_tag\" value=\"wpcf7-f950-o1\" \/><input type=\"hidden\" name=\"_wpcf7_container_post\" value=\"0\" \/><input type=\"hidden\" name=\"_wpcf7_posted_data_hash\" value=\"\" \/><input type=\"hidden\" name=\"_wpcf7_recaptcha_response\" value=\"\" \/>\n<\/fieldset>\n<p><span class=\"wpcf7-form-control-wrap\" data-name=\"menu-659\"><select class=\"wpcf7-form-control wpcf7-select wpcf7-validates-as-required\" aria-required=\"true\" aria-invalid=\"false\" name=\"menu-659\"><option value=\"\u00bfQu\u00e9 necesitas?\">\u00bfQu\u00e9 necesitas?<\/option><option value=\"Solicitar cotizaci\u00f3n\">Solicitar cotizaci\u00f3n<\/option><option value=\"Necesito informaci\u00f3n\">Necesito informaci\u00f3n<\/option><option value=\"Otras consultas\">Otras consultas<\/option><\/select><\/span><br \/>\n<span class=\"wpcf7-form-control-wrap\" data-name=\"nombre\"><input size=\"40\" maxlength=\"400\" class=\"wpcf7-form-control wpcf7-text wpcf7-validates-as-required\" aria-required=\"true\" aria-invalid=\"false\" placeholder=\"Nombre*\" value=\"\" type=\"text\" name=\"nombre\" \/><\/span>\n<\/p>\n<p><span class=\"wpcf7-form-control-wrap\" data-name=\"email-180\"><input size=\"40\" maxlength=\"400\" class=\"wpcf7-form-control wpcf7-email wpcf7-validates-as-required wpcf7-text wpcf7-validates-as-email\" aria-required=\"true\" aria-invalid=\"false\" placeholder=\"Email*\" value=\"\" type=\"email\" name=\"email-180\" \/><\/span>\n<\/p>\n<p><span class=\"wpcf7-form-control-wrap\" data-name=\"textarea-445\"><textarea cols=\"40\" rows=\"10\" maxlength=\"2000\" class=\"wpcf7-form-control wpcf7-textarea wpcf7-validates-as-required autoExpand\" aria-required=\"true\" aria-invalid=\"false\" placeholder=\"Mensaje*\" name=\"textarea-445\"><\/textarea><\/span>\n<\/p>\n<p><span class=\"wpcf7-form-control-wrap\" data-name=\"acceptance-725\"><span class=\"wpcf7-form-control wpcf7-acceptance\"><span class=\"wpcf7-list-item\"><label><input type=\"checkbox\" name=\"acceptance-725\" value=\"1\" aria-invalid=\"false\" \/><span class=\"wpcf7-list-item-label\"><span class=\"contacto-accept\">Acepto y acepto la <a href=\"\/privacy-policy\" target=\"_blank\">Pol\u00edtica de Privacidad<\/a>. Este sitio est\u00e1 protegido por RECAPTCHA y la <a href=\"https:\/\/policies.google.com\/privacy\" target=\"_blank\">Pol\u00edtica de Privacidad<\/a> y las <a href=\"https:\/\/policies. google.com\/terms\" target=\"_blank\">Condiciones de servicio de Google<\/a>.<\/span><\/label><\/span><\/span><\/span>\n<\/p>\n<div class=\"btn-form\">\n\t<p><input class=\"wpcf7-form-control wpcf7-submit has-spinner\" type=\"submit\" value=\"Enviar\" \/>\n\t<\/p>\n<\/div><div class=\"wpcf7-response-output\" aria-hidden=\"true\"><\/div>\n<\/form>\n<\/div>\n[\/vc_column][\/vc_row][vc_row full_width=\u00bbstretch_row_content_no_spaces\u00bb foundry_padding=\u00bbpt0 pb0&#8243; el_class=\u00bben-map\u00bb][vc_column][vc_gmaps link=\u00bb#E-8_JTNDaWZyYW1lJTIwc3JjJTNEJTIyaHR0cHMlM0ElMkYlMkZ3d3cuZ29vZ2xlLmNvbSUyRm1hcHMlMkZlbWJlZCUzRnBiJTNEJTIxMW0xOCUyMTFtMTIlMjExbTMlMjExZDUyODAyNzg5Ljg0ODg2MzMlMjEyZC0zNy4xNjQyMDYxNDA1ODcyMiUyMTNkMzYuMTIyMDgzNzQ0MzYxNjElMjEybTMlMjExZjAlMjEyZjAlMjEzZjAlMjEzbTIlMjExaTEwMjQlMjEyaTc2OCUyMTRmMTMuMSUyMTNtMyUyMTFtMiUyMTFzMHhkMmY2ZDZhMjA5NDgxNTclMjUzQTB4Y2IwNzFkNWVkYTM5ODVjOSUyMTJzVml2ZWlybyUyNTIwZGUlMjUyMEVtcHJlc2FzJTI1MjBkZSUyNTIwQmFycm8lMjUyMC0lMjUyME1laXMlMjE1ZTAlMjEzbTIlMjExc2VzJTIxMnNlcyUyMTR2MTY4NTUyNzIzMjU5MyUyMTVtMiUyMTFzZXMlMjEyc2VzJTIyJTIwd2lkdGglM0QlMjI2MDAlMjIlMjBoZWlnaHQlM0QlMjI0NTAlMjIlMjBzdHlsZSUzRCUyMmJvcmRlciUzQTAlM0IlMjIlMjBhbGxvd2Z1bGxzY3JlZW4lM0QlMjIlMjIlMjBsb2FkaW5nJTNEJTIybGF6eSUyMiUyMHJlZmVycmVycG9saWN5JTNEJTIybm8tcmVmZXJyZXItd2hlbi1kb3duZ3JhZGUlMjIlM0UlM0MlMkZpZnJhbWUlM0U=\u00bb][\/vc_column][\/vc_row]<\/p>\n","protected":false},"excerpt":{"rendered":"<p>[vc_row foundry_background_style=\u00bbbg-dark\u00bb foundry_parallax=\u00bbnot-parallax\u00bb css=\u00bb.vc_custom_1679061430586{background-image: url(https:\/\/enercraftsa.com\/wp-content\/uploads\/2023\/02\/Contact-bg-scaled.jpg?id=119) !important;background-position: 0 0 !important;background-repeat: no-repeat !important;}\u00bb][vc_column][vc_column_text] \u00a1Hablemos! [\/vc_column_text][vc_column_text] Rellena el formulario de contacto para cualquier consulta,&#8230;<\/p>\n","protected":false},"author":1,"featured_media":0,"parent":0,"menu_order":0,"comment_status":"closed","ping_status":"closed","template":"","meta":{"footnotes":""},"class_list":["post-882","page","type-page","status-publish","hentry"],"yoast_head":"<!-- This site is optimized with the Yoast SEO plugin v27.0 - https:\/\/yoast.com\/product\/yoast-seo-wordpress\/ -->\n<title>Contacto | Enercraft<\/title>\n<meta name=\"description\" content=\"ENERCRAFT: Redefiniendo la excelencia en bater\u00edas y dispositivos el\u00e9ctricos port\u00e1tiles. \u00a1Contacta ahora con nosotros!\" \/>\n<meta name=\"robots\" content=\"index, follow, max-snippet:-1, max-image-preview:large, max-video-preview:-1\" \/>\n<link rel=\"canonical\" href=\"https:\/\/enercraftsa.com\/es\/contacto\/\" \/>\n<meta property=\"og:locale\" content=\"es_ES\" \/>\n<meta property=\"og:type\" content=\"article\" \/>\n<meta property=\"og:title\" content=\"Enercraft\" \/>\n<meta property=\"og:description\" content=\"ENERCRAFT: Redefiniendo la excelencia en bater\u00edas y dispositivos el\u00e9ctricos port\u00e1tiles. \u00a1Contacta ahora con nosotros!\" \/>\n<meta property=\"og:url\" content=\"https:\/\/enercraftsa.com\/es\/contacto\/\" \/>\n<meta property=\"og:site_name\" content=\"Enercraft\" \/>\n<meta property=\"article:modified_time\" content=\"2024-06-02T09:40:17+00:00\" \/>\n<meta property=\"og:image\" content=\"https:\/\/enercraftsa.com\/wp-content\/uploads\/2023\/05\/enercraft-fondo-01.jpg\" \/>\n\t<meta property=\"og:image:width\" content=\"1366\" \/>\n\t<meta property=\"og:image:height\" content=\"768\" \/>\n\t<meta property=\"og:image:type\" content=\"image\/jpeg\" \/>\n<meta name=\"twitter:card\" content=\"summary_large_image\" \/>\n<meta name=\"twitter:title\" content=\"Enercraft\" \/>\n<meta name=\"twitter:description\" content=\"ENERCRAFT: Redefiniendo la excelencia en bater\u00edas y dispositivos el\u00e9ctricos port\u00e1tiles. \u00a1Contacta ahora con nosotros!\" \/>\n<meta name=\"twitter:image\" content=\"https:\/\/enercraftsa.com\/wp-content\/uploads\/2023\/05\/enercraft-fondo-01.jpg\" \/>\n<meta name=\"twitter:label1\" content=\"Tiempo de lectura\" \/>\n\t<meta name=\"twitter:data1\" content=\"1 minuto\" \/>\n<script type=\"application\/ld+json\" class=\"yoast-schema-graph\">{\"@context\":\"https:\/\/schema.org\",\"@graph\":[{\"@type\":\"WebPage\",\"@id\":\"https:\/\/enercraftsa.com\/es\/contacto\/\",\"url\":\"https:\/\/enercraftsa.com\/es\/contacto\/\",\"name\":\"Contacto | Enercraft\",\"isPartOf\":{\"@id\":\"https:\/\/enercraftsa.com\/es\/#website\"},\"datePublished\":\"2023-01-30T08:11:02+00:00\",\"dateModified\":\"2024-06-02T09:40:17+00:00\",\"description\":\"ENERCRAFT: Redefiniendo la excelencia en bater\u00edas y dispositivos el\u00e9ctricos port\u00e1tiles. \u00a1Contacta ahora con nosotros!\",\"breadcrumb\":{\"@id\":\"https:\/\/enercraftsa.com\/es\/contacto\/#breadcrumb\"},\"inLanguage\":\"es\",\"potentialAction\":[{\"@type\":\"ReadAction\",\"target\":[\"https:\/\/enercraftsa.com\/es\/contacto\/\"]}]},{\"@type\":\"BreadcrumbList\",\"@id\":\"https:\/\/enercraftsa.com\/es\/contacto\/#breadcrumb\",\"itemListElement\":[{\"@type\":\"ListItem\",\"position\":1,\"name\":\"Home\",\"item\":\"https:\/\/enercraftsa.com\/es\/\"},{\"@type\":\"ListItem\",\"position\":2,\"name\":\"Contacto\"}]},{\"@type\":\"WebSite\",\"@id\":\"https:\/\/enercraftsa.com\/es\/#website\",\"url\":\"https:\/\/enercraftsa.com\/es\/\",\"name\":\"Enercraft\",\"description\":\"We are changing the market\",\"publisher\":{\"@id\":\"https:\/\/enercraftsa.com\/es\/#organization\"},\"potentialAction\":[{\"@type\":\"SearchAction\",\"target\":{\"@type\":\"EntryPoint\",\"urlTemplate\":\"https:\/\/enercraftsa.com\/es\/?s={search_term_string}\"},\"query-input\":{\"@type\":\"PropertyValueSpecification\",\"valueRequired\":true,\"valueName\":\"search_term_string\"}}],\"inLanguage\":\"es\"},{\"@type\":\"Organization\",\"@id\":\"https:\/\/enercraftsa.com\/es\/#organization\",\"name\":\"Enercraft\",\"url\":\"https:\/\/enercraftsa.com\/es\/\",\"logo\":{\"@type\":\"ImageObject\",\"inLanguage\":\"es\",\"@id\":\"https:\/\/enercraftsa.com\/es\/#\/schema\/logo\/image\/\",\"url\":\"https:\/\/enercraftsa.com\/wp-content\/uploads\/2023\/01\/Enercraft-pos.png\",\"contentUrl\":\"https:\/\/enercraftsa.com\/wp-content\/uploads\/2023\/01\/Enercraft-pos.png\",\"width\":2295,\"height\":1024,\"caption\":\"Enercraft\"},\"image\":{\"@id\":\"https:\/\/enercraftsa.com\/es\/#\/schema\/logo\/image\/\"},\"sameAs\":[\"https:\/\/www.linkedin.com\/company\/enercraft-innovative-electrification-technology\/\",\"https:\/\/www.youtube.com\/@enercraftcontacto6886\"]}]}<\/script>\n<!-- \/ Yoast SEO plugin. -->","yoast_head_json":{"title":"Contacto | Enercraft","description":"ENERCRAFT: Redefiniendo la excelencia en bater\u00edas y dispositivos el\u00e9ctricos port\u00e1tiles. \u00a1Contacta ahora con nosotros!","robots":{"index":"index","follow":"follow","max-snippet":"max-snippet:-1","max-image-preview":"max-image-preview:large","max-video-preview":"max-video-preview:-1"},"canonical":"https:\/\/enercraftsa.com\/es\/contacto\/","og_locale":"es_ES","og_type":"article","og_title":"Enercraft","og_description":"ENERCRAFT: Redefiniendo la excelencia en bater\u00edas y dispositivos el\u00e9ctricos port\u00e1tiles. \u00a1Contacta ahora con nosotros!","og_url":"https:\/\/enercraftsa.com\/es\/contacto\/","og_site_name":"Enercraft","article_modified_time":"2024-06-02T09:40:17+00:00","og_image":[{"width":1366,"height":768,"url":"https:\/\/enercraftsa.com\/wp-content\/uploads\/2023\/05\/enercraft-fondo-01.jpg","type":"image\/jpeg"}],"twitter_card":"summary_large_image","twitter_title":"Enercraft","twitter_description":"ENERCRAFT: Redefiniendo la excelencia en bater\u00edas y dispositivos el\u00e9ctricos port\u00e1tiles. \u00a1Contacta ahora con nosotros!","twitter_image":"https:\/\/enercraftsa.com\/wp-content\/uploads\/2023\/05\/enercraft-fondo-01.jpg","twitter_misc":{"Tiempo de lectura":"1 minuto"},"schema":{"@context":"https:\/\/schema.org","@graph":[{"@type":"WebPage","@id":"https:\/\/enercraftsa.com\/es\/contacto\/","url":"https:\/\/enercraftsa.com\/es\/contacto\/","name":"Contacto | Enercraft","isPartOf":{"@id":"https:\/\/enercraftsa.com\/es\/#website"},"datePublished":"2023-01-30T08:11:02+00:00","dateModified":"2024-06-02T09:40:17+00:00","description":"ENERCRAFT: Redefiniendo la excelencia en bater\u00edas y dispositivos el\u00e9ctricos port\u00e1tiles. \u00a1Contacta ahora con nosotros!","breadcrumb":{"@id":"https:\/\/enercraftsa.com\/es\/contacto\/#breadcrumb"},"inLanguage":"es","potentialAction":[{"@type":"ReadAction","target":["https:\/\/enercraftsa.com\/es\/contacto\/"]}]},{"@type":"BreadcrumbList","@id":"https:\/\/enercraftsa.com\/es\/contacto\/#breadcrumb","itemListElement":[{"@type":"ListItem","position":1,"name":"Home","item":"https:\/\/enercraftsa.com\/es\/"},{"@type":"ListItem","position":2,"name":"Contacto"}]},{"@type":"WebSite","@id":"https:\/\/enercraftsa.com\/es\/#website","url":"https:\/\/enercraftsa.com\/es\/","name":"Enercraft","description":"We are changing the market","publisher":{"@id":"https:\/\/enercraftsa.com\/es\/#organization"},"potentialAction":[{"@type":"SearchAction","target":{"@type":"EntryPoint","urlTemplate":"https:\/\/enercraftsa.com\/es\/?s={search_term_string}"},"query-input":{"@type":"PropertyValueSpecification","valueRequired":true,"valueName":"search_term_string"}}],"inLanguage":"es"},{"@type":"Organization","@id":"https:\/\/enercraftsa.com\/es\/#organization","name":"Enercraft","url":"https:\/\/enercraftsa.com\/es\/","logo":{"@type":"ImageObject","inLanguage":"es","@id":"https:\/\/enercraftsa.com\/es\/#\/schema\/logo\/image\/","url":"https:\/\/enercraftsa.com\/wp-content\/uploads\/2023\/01\/Enercraft-pos.png","contentUrl":"https:\/\/enercraftsa.com\/wp-content\/uploads\/2023\/01\/Enercraft-pos.png","width":2295,"height":1024,"caption":"Enercraft"},"image":{"@id":"https:\/\/enercraftsa.com\/es\/#\/schema\/logo\/image\/"},"sameAs":["https:\/\/www.linkedin.com\/company\/enercraft-innovative-electrification-technology\/","https:\/\/www.youtube.com\/@enercraftcontacto6886"]}]}},"_hostinger_reach_plugin_has_subscription_block":false,"_hostinger_reach_plugin_is_elementor":false,"_links":{"self":[{"href":"https:\/\/enercraftsa.com\/es\/wp-json\/wp\/v2\/pages\/882","targetHints":{"allow":["GET"]}}],"collection":[{"href":"https:\/\/enercraftsa.com\/es\/wp-json\/wp\/v2\/pages"}],"about":[{"href":"https:\/\/enercraftsa.com\/es\/wp-json\/wp\/v2\/types\/page"}],"author":[{"embeddable":true,"href":"https:\/\/enercraftsa.com\/es\/wp-json\/wp\/v2\/users\/1"}],"replies":[{"embeddable":true,"href":"https:\/\/enercraftsa.com\/es\/wp-json\/wp\/v2\/comments?post=882"}],"version-history":[{"count":6,"href":"https:\/\/enercraftsa.com\/es\/wp-json\/wp\/v2\/pages\/882\/revisions"}],"predecessor-version":[{"id":1220,"href":"https:\/\/enercraftsa.com\/es\/wp-json\/wp\/v2\/pages\/882\/revisions\/1220"}],"wp:attachment":[{"href":"https:\/\/enercraftsa.com\/es\/wp-json\/wp\/v2\/media?parent=882"}],"curies":[{"name":"wp","href":"https:\/\/api.w.org\/{rel}","templated":true}]}}