{"id":892,"date":"2023-03-06T15:15:17","date_gmt":"2023-03-06T14:15:17","guid":{"rendered":"https:\/\/enercraftsa.com\/news\/"},"modified":"2023-09-12T09:33:15","modified_gmt":"2023-09-12T07:33:15","slug":"noticias","status":"publish","type":"page","link":"https:\/\/enercraftsa.com\/es\/noticias\/","title":{"rendered":"Noticias"},"content":{"rendered":"<p>[vc_row][vc_column][vc_column_text]<\/p>\n<h1>Noticias<\/h1>\n<p>[\/vc_column_text][vc_basic_grid post_type=\u00bbpost\u00bb max_items=\u00bb-1&#8243; item=\u00bb467&#8243; grid_id=\u00bbvc_gid:1694083003306-c023950c-58ce-10&#8243; taxonomies=\u00bb12&#8243;][\/vc_column][\/vc_row]<\/p>\n","protected":false},"excerpt":{"rendered":"<p>[vc_row][vc_column][vc_column_text] Noticias [\/vc_column_text][vc_basic_grid post_type=\u00bbpost\u00bb max_items=\u00bb-1&#8243; item=\u00bb467&#8243; grid_id=\u00bbvc_gid:1694083003306-c023950c-58ce-10&#8243; taxonomies=\u00bb12&#8243;][\/vc_column][\/vc_row]<\/p>\n","protected":false},"author":1,"featured_media":0,"parent":0,"menu_order":0,"comment_status":"closed","ping_status":"closed","template":"","meta":{"footnotes":""},"class_list":["post-892","page","type-page","status-publish","hentry"],"yoast_head":"<!-- This site is optimized with the Yoast SEO plugin v27.0 - https:\/\/yoast.com\/product\/yoast-seo-wordpress\/ -->\n<title>Noticias | Enercraft<\/title>\n<meta name=\"description\" content=\"ENERCRAFT: Redefiniendo la excelencia en bater\u00edas y dispositivos el\u00e9ctricos port\u00e1tiles. \u00a1Descubre todas las novedades!\" \/>\n<meta name=\"robots\" content=\"index, follow, max-snippet:-1, max-image-preview:large, max-video-preview:-1\" \/>\n<link rel=\"canonical\" href=\"https:\/\/enercraftsa.com\/es\/noticias\/\" \/>\n<meta property=\"og:locale\" content=\"es_ES\" \/>\n<meta property=\"og:type\" content=\"article\" \/>\n<meta property=\"og:title\" content=\"Enercraft\" \/>\n<meta property=\"og:description\" content=\"ENERCRAFT: Redefiniendo la excelencia en bater\u00edas y dispositivos el\u00e9ctricos port\u00e1tiles. \u00a1Descubre todas las novedades!\" \/>\n<meta property=\"og:url\" content=\"https:\/\/enercraftsa.com\/es\/noticias\/\" \/>\n<meta property=\"og:site_name\" content=\"Enercraft\" \/>\n<meta property=\"article:modified_time\" content=\"2023-09-12T07:33:15+00:00\" \/>\n<meta property=\"og:image\" content=\"https:\/\/enercraftsa.com\/wp-content\/uploads\/2023\/05\/enercraft-fondo-01.jpg\" \/>\n\t<meta property=\"og:image:width\" content=\"1366\" \/>\n\t<meta property=\"og:image:height\" content=\"768\" \/>\n\t<meta property=\"og:image:type\" content=\"image\/jpeg\" \/>\n<meta name=\"twitter:card\" content=\"summary_large_image\" \/>\n<meta name=\"twitter:title\" content=\"Enercraft\" \/>\n<meta name=\"twitter:description\" content=\"ENERCRAFT: Redefiniendo la excelencia en bater\u00edas y dispositivos el\u00e9ctricos port\u00e1tiles. \u00a1Descubre todas las novedades!\" \/>\n<meta name=\"twitter:image\" content=\"https:\/\/enercraftsa.com\/wp-content\/uploads\/2023\/05\/enercraft-fondo-01.jpg\" \/>\n<meta name=\"twitter:label1\" content=\"Tiempo de lectura\" \/>\n\t<meta name=\"twitter:data1\" content=\"1 minuto\" \/>\n<script type=\"application\/ld+json\" class=\"yoast-schema-graph\">{\"@context\":\"https:\/\/schema.org\",\"@graph\":[{\"@type\":\"WebPage\",\"@id\":\"https:\/\/enercraftsa.com\/es\/noticias\/\",\"url\":\"https:\/\/enercraftsa.com\/es\/noticias\/\",\"name\":\"Noticias | Enercraft\",\"isPartOf\":{\"@id\":\"https:\/\/enercraftsa.com\/es\/#website\"},\"datePublished\":\"2023-03-06T14:15:17+00:00\",\"dateModified\":\"2023-09-12T07:33:15+00:00\",\"description\":\"ENERCRAFT: Redefiniendo la excelencia en bater\u00edas y dispositivos el\u00e9ctricos port\u00e1tiles. \u00a1Descubre todas las novedades!\",\"breadcrumb\":{\"@id\":\"https:\/\/enercraftsa.com\/es\/noticias\/#breadcrumb\"},\"inLanguage\":\"es\",\"potentialAction\":[{\"@type\":\"ReadAction\",\"target\":[\"https:\/\/enercraftsa.com\/es\/noticias\/\"]}]},{\"@type\":\"BreadcrumbList\",\"@id\":\"https:\/\/enercraftsa.com\/es\/noticias\/#breadcrumb\",\"itemListElement\":[{\"@type\":\"ListItem\",\"position\":1,\"name\":\"Home\",\"item\":\"https:\/\/enercraftsa.com\/es\/\"},{\"@type\":\"ListItem\",\"position\":2,\"name\":\"Noticias\"}]},{\"@type\":\"WebSite\",\"@id\":\"https:\/\/enercraftsa.com\/es\/#website\",\"url\":\"https:\/\/enercraftsa.com\/es\/\",\"name\":\"Enercraft\",\"description\":\"We are changing the market\",\"publisher\":{\"@id\":\"https:\/\/enercraftsa.com\/es\/#organization\"},\"potentialAction\":[{\"@type\":\"SearchAction\",\"target\":{\"@type\":\"EntryPoint\",\"urlTemplate\":\"https:\/\/enercraftsa.com\/es\/?s={search_term_string}\"},\"query-input\":{\"@type\":\"PropertyValueSpecification\",\"valueRequired\":true,\"valueName\":\"search_term_string\"}}],\"inLanguage\":\"es\"},{\"@type\":\"Organization\",\"@id\":\"https:\/\/enercraftsa.com\/es\/#organization\",\"name\":\"Enercraft\",\"url\":\"https:\/\/enercraftsa.com\/es\/\",\"logo\":{\"@type\":\"ImageObject\",\"inLanguage\":\"es\",\"@id\":\"https:\/\/enercraftsa.com\/es\/#\/schema\/logo\/image\/\",\"url\":\"https:\/\/enercraftsa.com\/wp-content\/uploads\/2023\/01\/Enercraft-pos.png\",\"contentUrl\":\"https:\/\/enercraftsa.com\/wp-content\/uploads\/2023\/01\/Enercraft-pos.png\",\"width\":2295,\"height\":1024,\"caption\":\"Enercraft\"},\"image\":{\"@id\":\"https:\/\/enercraftsa.com\/es\/#\/schema\/logo\/image\/\"},\"sameAs\":[\"https:\/\/www.linkedin.com\/company\/enercraft-innovative-electrification-technology\/\",\"https:\/\/www.youtube.com\/@enercraftcontacto6886\"]}]}<\/script>\n<!-- \/ Yoast SEO plugin. -->","yoast_head_json":{"title":"Noticias | Enercraft","description":"ENERCRAFT: Redefiniendo la excelencia en bater\u00edas y dispositivos el\u00e9ctricos port\u00e1tiles. \u00a1Descubre todas las novedades!","robots":{"index":"index","follow":"follow","max-snippet":"max-snippet:-1","max-image-preview":"max-image-preview:large","max-video-preview":"max-video-preview:-1"},"canonical":"https:\/\/enercraftsa.com\/es\/noticias\/","og_locale":"es_ES","og_type":"article","og_title":"Enercraft","og_description":"ENERCRAFT: Redefiniendo la excelencia en bater\u00edas y dispositivos el\u00e9ctricos port\u00e1tiles. \u00a1Descubre todas las novedades!","og_url":"https:\/\/enercraftsa.com\/es\/noticias\/","og_site_name":"Enercraft","article_modified_time":"2023-09-12T07:33:15+00:00","og_image":[{"width":1366,"height":768,"url":"https:\/\/enercraftsa.com\/wp-content\/uploads\/2023\/05\/enercraft-fondo-01.jpg","type":"image\/jpeg"}],"twitter_card":"summary_large_image","twitter_title":"Enercraft","twitter_description":"ENERCRAFT: Redefiniendo la excelencia en bater\u00edas y dispositivos el\u00e9ctricos port\u00e1tiles. \u00a1Descubre todas las novedades!","twitter_image":"https:\/\/enercraftsa.com\/wp-content\/uploads\/2023\/05\/enercraft-fondo-01.jpg","twitter_misc":{"Tiempo de lectura":"1 minuto"},"schema":{"@context":"https:\/\/schema.org","@graph":[{"@type":"WebPage","@id":"https:\/\/enercraftsa.com\/es\/noticias\/","url":"https:\/\/enercraftsa.com\/es\/noticias\/","name":"Noticias | Enercraft","isPartOf":{"@id":"https:\/\/enercraftsa.com\/es\/#website"},"datePublished":"2023-03-06T14:15:17+00:00","dateModified":"2023-09-12T07:33:15+00:00","description":"ENERCRAFT: Redefiniendo la excelencia en bater\u00edas y dispositivos el\u00e9ctricos port\u00e1tiles. \u00a1Descubre todas las novedades!","breadcrumb":{"@id":"https:\/\/enercraftsa.com\/es\/noticias\/#breadcrumb"},"inLanguage":"es","potentialAction":[{"@type":"ReadAction","target":["https:\/\/enercraftsa.com\/es\/noticias\/"]}]},{"@type":"BreadcrumbList","@id":"https:\/\/enercraftsa.com\/es\/noticias\/#breadcrumb","itemListElement":[{"@type":"ListItem","position":1,"name":"Home","item":"https:\/\/enercraftsa.com\/es\/"},{"@type":"ListItem","position":2,"name":"Noticias"}]},{"@type":"WebSite","@id":"https:\/\/enercraftsa.com\/es\/#website","url":"https:\/\/enercraftsa.com\/es\/","name":"Enercraft","description":"We are changing the market","publisher":{"@id":"https:\/\/enercraftsa.com\/es\/#organization"},"potentialAction":[{"@type":"SearchAction","target":{"@type":"EntryPoint","urlTemplate":"https:\/\/enercraftsa.com\/es\/?s={search_term_string}"},"query-input":{"@type":"PropertyValueSpecification","valueRequired":true,"valueName":"search_term_string"}}],"inLanguage":"es"},{"@type":"Organization","@id":"https:\/\/enercraftsa.com\/es\/#organization","name":"Enercraft","url":"https:\/\/enercraftsa.com\/es\/","logo":{"@type":"ImageObject","inLanguage":"es","@id":"https:\/\/enercraftsa.com\/es\/#\/schema\/logo\/image\/","url":"https:\/\/enercraftsa.com\/wp-content\/uploads\/2023\/01\/Enercraft-pos.png","contentUrl":"https:\/\/enercraftsa.com\/wp-content\/uploads\/2023\/01\/Enercraft-pos.png","width":2295,"height":1024,"caption":"Enercraft"},"image":{"@id":"https:\/\/enercraftsa.com\/es\/#\/schema\/logo\/image\/"},"sameAs":["https:\/\/www.linkedin.com\/company\/enercraft-innovative-electrification-technology\/","https:\/\/www.youtube.com\/@enercraftcontacto6886"]}]}},"_hostinger_reach_plugin_has_subscription_block":false,"_hostinger_reach_plugin_is_elementor":false,"_links":{"self":[{"href":"https:\/\/enercraftsa.com\/es\/wp-json\/wp\/v2\/pages\/892","targetHints":{"allow":["GET"]}}],"collection":[{"href":"https:\/\/enercraftsa.com\/es\/wp-json\/wp\/v2\/pages"}],"about":[{"href":"https:\/\/enercraftsa.com\/es\/wp-json\/wp\/v2\/types\/page"}],"author":[{"embeddable":true,"href":"https:\/\/enercraftsa.com\/es\/wp-json\/wp\/v2\/users\/1"}],"replies":[{"embeddable":true,"href":"https:\/\/enercraftsa.com\/es\/wp-json\/wp\/v2\/comments?post=892"}],"version-history":[{"count":1,"href":"https:\/\/enercraftsa.com\/es\/wp-json\/wp\/v2\/pages\/892\/revisions"}],"predecessor-version":[{"id":894,"href":"https:\/\/enercraftsa.com\/es\/wp-json\/wp\/v2\/pages\/892\/revisions\/894"}],"wp:attachment":[{"href":"https:\/\/enercraftsa.com\/es\/wp-json\/wp\/v2\/media?parent=892"}],"curies":[{"name":"wp","href":"https:\/\/api.w.org\/{rel}","templated":true}]}}