{"id":893,"date":"2023-01-30T08:58:09","date_gmt":"2023-01-30T07:58:09","guid":{"rendered":"https:\/\/enercraftsa.com\/products\/"},"modified":"2023-09-11T18:10:05","modified_gmt":"2023-09-11T16:10:05","slug":"productos","status":"publish","type":"page","link":"https:\/\/enercraftsa.com\/es\/productos\/","title":{"rendered":"Productos"},"content":{"rendered":"<p>[vc_row foundry_background_style=\u00bbbg-dark\u00bb foundry_parallax=\u00bbnot-parallax\u00bb css=\u00bb.vc_custom_1688648952859{background-image: url(https:\/\/enercraftsa.com\/wp-content\/uploads\/2023\/05\/enercraft-fondo-06.jpg?id=412) !important;background-position: center !important;background-repeat: no-repeat !important;background-size: cover !important;}\u00bb][vc_column width=\u00bb2\/3&#8243; offset=\u00bbvc_col-lg-offset-2 vc_col-md-offset-2&#8243;][vc_column_text]<\/p>\n<h1 style=\"text-align: center;\">Nuestros productos<\/h1>\n<p>[\/vc_column_text][vc_column_text]<\/p>\n<h3 style=\"text-align: center;\">No importa tu necesidad energ\u00e9tica, tenemos una soluci\u00f3n para ti<\/h3>\n<p style=\"text-align: center;\">Todos nuestros productos son dispositivos modernos, robustos, eficientes y de alta calidad, con tecnolog\u00eda probada que ha sido probada exhaustivamente en las condiciones y entornos de trabajo m\u00e1s desafiantes. Debido a nuestro arraigo y nuestra pasi\u00f3n por la ingenier\u00eda aeron\u00e1utica, incorporamos un alto grado de optimizaci\u00f3n y atenci\u00f3n al m\u00e1s m\u00ednimo detalle en todos nuestros desarrollos.<\/p>\n<p style=\"text-align: center;\">Estamos acostumbrados a trabajar en proyectos tecnol\u00f3gicos de alta complejidad, y quedamos a su disposici\u00f3n para ayudarle en las diferentes etapas de dise\u00f1o, desarrollo y fabricaci\u00f3n de las soluciones m\u00e1s avanzadas para cada desaf\u00edo energ\u00e9tico espec\u00edfico.<\/p>\n<p>[\/vc_column_text][\/vc_column][vc_column][vc_basic_grid post_type=\u00bbportfolio\u00bb max_items=\u00bb10&#8243; order=\u00bbASC\u00bb item=\u00bb178&#8243; grid_id=\u00bbvc_gid:1694083005654-3a8cd3a2-967a-0&#8243; el_class=\u00bben-products-box\u00bb taxonomies=\u00bb3&#8243;][\/vc_column][\/vc_row]<\/p>\n","protected":false},"excerpt":{"rendered":"<p>[vc_row foundry_background_style=\u00bbbg-dark\u00bb foundry_parallax=\u00bbnot-parallax\u00bb css=\u00bb.vc_custom_1688648952859{background-image: url(https:\/\/enercraftsa.com\/wp-content\/uploads\/2023\/05\/enercraft-fondo-06.jpg?id=412) !important;background-position: center !important;background-repeat: no-repeat !important;background-size: cover !important;}\u00bb][vc_column width=\u00bb2\/3&#8243; offset=\u00bbvc_col-lg-offset-2 vc_col-md-offset-2&#8243;][vc_column_text] Nuestros productos [\/vc_column_text][vc_column_text] No importa tu&#8230;<\/p>\n","protected":false},"author":1,"featured_media":0,"parent":0,"menu_order":0,"comment_status":"closed","ping_status":"closed","template":"","meta":{"footnotes":""},"class_list":["post-893","page","type-page","status-publish","hentry"],"yoast_head":"<!-- This site is optimized with the Yoast SEO plugin v27.0 - https:\/\/yoast.com\/product\/yoast-seo-wordpress\/ -->\n<title>Productos | Enercraft<\/title>\n<meta name=\"description\" content=\"Descubra calidad superior en bater\u00edas y equipos el\u00e9ctricos port\u00e1tiles con ENERCRAFT. \u00a1Explore nuestros productos hoy!\" \/>\n<meta name=\"robots\" content=\"index, follow, max-snippet:-1, max-image-preview:large, max-video-preview:-1\" \/>\n<link rel=\"canonical\" href=\"https:\/\/enercraftsa.com\/es\/productos\/\" \/>\n<meta property=\"og:locale\" content=\"es_ES\" \/>\n<meta property=\"og:type\" content=\"article\" \/>\n<meta property=\"og:title\" content=\"Enercraft\" \/>\n<meta property=\"og:description\" content=\"Descubra calidad superior en bater\u00edas y equipos el\u00e9ctricos port\u00e1tiles con ENERCRAFT. \u00a1Explore nuestros productos hoy!\" \/>\n<meta property=\"og:url\" content=\"https:\/\/enercraftsa.com\/es\/productos\/\" \/>\n<meta property=\"og:site_name\" content=\"Enercraft\" \/>\n<meta property=\"article:modified_time\" content=\"2023-09-11T16:10:05+00:00\" \/>\n<meta property=\"og:image\" content=\"https:\/\/enercraftsa.com\/wp-content\/uploads\/2023\/05\/enercraft-fondo-01.jpg\" \/>\n\t<meta property=\"og:image:width\" content=\"1366\" \/>\n\t<meta property=\"og:image:height\" content=\"768\" \/>\n\t<meta property=\"og:image:type\" content=\"image\/jpeg\" \/>\n<meta name=\"twitter:card\" content=\"summary_large_image\" \/>\n<meta name=\"twitter:title\" content=\"Enercraft\" \/>\n<meta name=\"twitter:description\" content=\"Descubra calidad superior en bater\u00edas y equipos el\u00e9ctricos port\u00e1tiles con ENERCRAFT. \u00a1Explore nuestros productos hoy!\" \/>\n<meta name=\"twitter:image\" content=\"https:\/\/enercraftsa.com\/wp-content\/uploads\/2023\/05\/enercraft-fondo-01.jpg\" \/>\n<meta name=\"twitter:label1\" content=\"Tiempo de lectura\" \/>\n\t<meta name=\"twitter:data1\" content=\"1 minuto\" \/>\n<script type=\"application\/ld+json\" class=\"yoast-schema-graph\">{\"@context\":\"https:\/\/schema.org\",\"@graph\":[{\"@type\":\"WebPage\",\"@id\":\"https:\/\/enercraftsa.com\/es\/productos\/\",\"url\":\"https:\/\/enercraftsa.com\/es\/productos\/\",\"name\":\"Productos | Enercraft\",\"isPartOf\":{\"@id\":\"https:\/\/enercraftsa.com\/es\/#website\"},\"datePublished\":\"2023-01-30T07:58:09+00:00\",\"dateModified\":\"2023-09-11T16:10:05+00:00\",\"description\":\"Descubra calidad superior en bater\u00edas y equipos el\u00e9ctricos port\u00e1tiles con ENERCRAFT. \u00a1Explore nuestros productos hoy!\",\"breadcrumb\":{\"@id\":\"https:\/\/enercraftsa.com\/es\/productos\/#breadcrumb\"},\"inLanguage\":\"es\",\"potentialAction\":[{\"@type\":\"ReadAction\",\"target\":[\"https:\/\/enercraftsa.com\/es\/productos\/\"]}]},{\"@type\":\"BreadcrumbList\",\"@id\":\"https:\/\/enercraftsa.com\/es\/productos\/#breadcrumb\",\"itemListElement\":[{\"@type\":\"ListItem\",\"position\":1,\"name\":\"Home\",\"item\":\"https:\/\/enercraftsa.com\/es\/\"},{\"@type\":\"ListItem\",\"position\":2,\"name\":\"Productos\"}]},{\"@type\":\"WebSite\",\"@id\":\"https:\/\/enercraftsa.com\/es\/#website\",\"url\":\"https:\/\/enercraftsa.com\/es\/\",\"name\":\"Enercraft\",\"description\":\"We are changing the market\",\"publisher\":{\"@id\":\"https:\/\/enercraftsa.com\/es\/#organization\"},\"potentialAction\":[{\"@type\":\"SearchAction\",\"target\":{\"@type\":\"EntryPoint\",\"urlTemplate\":\"https:\/\/enercraftsa.com\/es\/?s={search_term_string}\"},\"query-input\":{\"@type\":\"PropertyValueSpecification\",\"valueRequired\":true,\"valueName\":\"search_term_string\"}}],\"inLanguage\":\"es\"},{\"@type\":\"Organization\",\"@id\":\"https:\/\/enercraftsa.com\/es\/#organization\",\"name\":\"Enercraft\",\"url\":\"https:\/\/enercraftsa.com\/es\/\",\"logo\":{\"@type\":\"ImageObject\",\"inLanguage\":\"es\",\"@id\":\"https:\/\/enercraftsa.com\/es\/#\/schema\/logo\/image\/\",\"url\":\"https:\/\/enercraftsa.com\/wp-content\/uploads\/2023\/01\/Enercraft-pos.png\",\"contentUrl\":\"https:\/\/enercraftsa.com\/wp-content\/uploads\/2023\/01\/Enercraft-pos.png\",\"width\":2295,\"height\":1024,\"caption\":\"Enercraft\"},\"image\":{\"@id\":\"https:\/\/enercraftsa.com\/es\/#\/schema\/logo\/image\/\"},\"sameAs\":[\"https:\/\/www.linkedin.com\/company\/enercraft-innovative-electrification-technology\/\",\"https:\/\/www.youtube.com\/@enercraftcontacto6886\"]}]}<\/script>\n<!-- \/ Yoast SEO plugin. -->","yoast_head_json":{"title":"Productos | Enercraft","description":"Descubra calidad superior en bater\u00edas y equipos el\u00e9ctricos port\u00e1tiles con ENERCRAFT. \u00a1Explore nuestros productos hoy!","robots":{"index":"index","follow":"follow","max-snippet":"max-snippet:-1","max-image-preview":"max-image-preview:large","max-video-preview":"max-video-preview:-1"},"canonical":"https:\/\/enercraftsa.com\/es\/productos\/","og_locale":"es_ES","og_type":"article","og_title":"Enercraft","og_description":"Descubra calidad superior en bater\u00edas y equipos el\u00e9ctricos port\u00e1tiles con ENERCRAFT. \u00a1Explore nuestros productos hoy!","og_url":"https:\/\/enercraftsa.com\/es\/productos\/","og_site_name":"Enercraft","article_modified_time":"2023-09-11T16:10:05+00:00","og_image":[{"width":1366,"height":768,"url":"https:\/\/enercraftsa.com\/wp-content\/uploads\/2023\/05\/enercraft-fondo-01.jpg","type":"image\/jpeg"}],"twitter_card":"summary_large_image","twitter_title":"Enercraft","twitter_description":"Descubra calidad superior en bater\u00edas y equipos el\u00e9ctricos port\u00e1tiles con ENERCRAFT. \u00a1Explore nuestros productos hoy!","twitter_image":"https:\/\/enercraftsa.com\/wp-content\/uploads\/2023\/05\/enercraft-fondo-01.jpg","twitter_misc":{"Tiempo de lectura":"1 minuto"},"schema":{"@context":"https:\/\/schema.org","@graph":[{"@type":"WebPage","@id":"https:\/\/enercraftsa.com\/es\/productos\/","url":"https:\/\/enercraftsa.com\/es\/productos\/","name":"Productos | Enercraft","isPartOf":{"@id":"https:\/\/enercraftsa.com\/es\/#website"},"datePublished":"2023-01-30T07:58:09+00:00","dateModified":"2023-09-11T16:10:05+00:00","description":"Descubra calidad superior en bater\u00edas y equipos el\u00e9ctricos port\u00e1tiles con ENERCRAFT. \u00a1Explore nuestros productos hoy!","breadcrumb":{"@id":"https:\/\/enercraftsa.com\/es\/productos\/#breadcrumb"},"inLanguage":"es","potentialAction":[{"@type":"ReadAction","target":["https:\/\/enercraftsa.com\/es\/productos\/"]}]},{"@type":"BreadcrumbList","@id":"https:\/\/enercraftsa.com\/es\/productos\/#breadcrumb","itemListElement":[{"@type":"ListItem","position":1,"name":"Home","item":"https:\/\/enercraftsa.com\/es\/"},{"@type":"ListItem","position":2,"name":"Productos"}]},{"@type":"WebSite","@id":"https:\/\/enercraftsa.com\/es\/#website","url":"https:\/\/enercraftsa.com\/es\/","name":"Enercraft","description":"We are changing the market","publisher":{"@id":"https:\/\/enercraftsa.com\/es\/#organization"},"potentialAction":[{"@type":"SearchAction","target":{"@type":"EntryPoint","urlTemplate":"https:\/\/enercraftsa.com\/es\/?s={search_term_string}"},"query-input":{"@type":"PropertyValueSpecification","valueRequired":true,"valueName":"search_term_string"}}],"inLanguage":"es"},{"@type":"Organization","@id":"https:\/\/enercraftsa.com\/es\/#organization","name":"Enercraft","url":"https:\/\/enercraftsa.com\/es\/","logo":{"@type":"ImageObject","inLanguage":"es","@id":"https:\/\/enercraftsa.com\/es\/#\/schema\/logo\/image\/","url":"https:\/\/enercraftsa.com\/wp-content\/uploads\/2023\/01\/Enercraft-pos.png","contentUrl":"https:\/\/enercraftsa.com\/wp-content\/uploads\/2023\/01\/Enercraft-pos.png","width":2295,"height":1024,"caption":"Enercraft"},"image":{"@id":"https:\/\/enercraftsa.com\/es\/#\/schema\/logo\/image\/"},"sameAs":["https:\/\/www.linkedin.com\/company\/enercraft-innovative-electrification-technology\/","https:\/\/www.youtube.com\/@enercraftcontacto6886"]}]}},"_hostinger_reach_plugin_has_subscription_block":false,"_hostinger_reach_plugin_is_elementor":false,"_links":{"self":[{"href":"https:\/\/enercraftsa.com\/es\/wp-json\/wp\/v2\/pages\/893","targetHints":{"allow":["GET"]}}],"collection":[{"href":"https:\/\/enercraftsa.com\/es\/wp-json\/wp\/v2\/pages"}],"about":[{"href":"https:\/\/enercraftsa.com\/es\/wp-json\/wp\/v2\/types\/page"}],"author":[{"embeddable":true,"href":"https:\/\/enercraftsa.com\/es\/wp-json\/wp\/v2\/users\/1"}],"replies":[{"embeddable":true,"href":"https:\/\/enercraftsa.com\/es\/wp-json\/wp\/v2\/comments?post=893"}],"version-history":[{"count":2,"href":"https:\/\/enercraftsa.com\/es\/wp-json\/wp\/v2\/pages\/893\/revisions"}],"predecessor-version":[{"id":896,"href":"https:\/\/enercraftsa.com\/es\/wp-json\/wp\/v2\/pages\/893\/revisions\/896"}],"wp:attachment":[{"href":"https:\/\/enercraftsa.com\/es\/wp-json\/wp\/v2\/media?parent=893"}],"curies":[{"name":"wp","href":"https:\/\/api.w.org\/{rel}","templated":true}]}}